{"id":144,"date":"2022-06-08T14:46:34","date_gmt":"2022-06-08T12:46:34","guid":{"rendered":"https:\/\/www.cp-beautypoint.at\/new\/?page_id=144"},"modified":"2022-06-13T15:44:37","modified_gmt":"2022-06-13T13:44:37","slug":"manikuere","status":"publish","type":"page","link":"https:\/\/www.cp-beautypoint.at\/new\/?page_id=144","title":{"rendered":"Manik\u00fcre"},"content":{"rendered":"\n<h3 class=\"wp-block-heading\">Hand Manik\u00fcren:<\/h3>\n\n\n<div class=\"wp-block-image\">\n<figure class=\"alignright size-full is-resized\"><img loading=\"lazy\" decoding=\"async\" src=\"https:\/\/www.cp-beautypoint.at\/new\/wp-content\/uploads\/2022\/06\/Nails.jpg\" alt=\"\" class=\"wp-image-309\" width=\"293\" height=\"195\" srcset=\"https:\/\/www.cp-beautypoint.at\/new\/wp-content\/uploads\/2022\/06\/Nails.jpg 849w, https:\/\/www.cp-beautypoint.at\/new\/wp-content\/uploads\/2022\/06\/Nails-300x200.jpg 300w, https:\/\/www.cp-beautypoint.at\/new\/wp-content\/uploads\/2022\/06\/Nails-768x512.jpg 768w, https:\/\/www.cp-beautypoint.at\/new\/wp-content\/uploads\/2022\/06\/Nails-90x60.jpg 90w, https:\/\/www.cp-beautypoint.at\/new\/wp-content\/uploads\/2022\/06\/Nails-370x247.jpg 370w, https:\/\/www.cp-beautypoint.at\/new\/wp-content\/uploads\/2022\/06\/Nails-776x517.jpg 776w\" sizes=\"auto, (max-width: 293px) 100vw, 293px\" \/><\/figure>\n<\/div>\n\n\n<p class=\"has-text-align-left\">Special Manik\u00fcren:<br>Aroma Handbad, Handpeeling, Handpackungen<br>Hand-Armmassage<\/p>\n\n\n\n<h3 class=\"wp-block-heading\">Classic Manik\u00fcre:<\/h3>\n\n\n\n<p>Inkl. Handbad und Hand eincremen<\/p>\n\n\n\n<h3 class=\"wp-block-heading\"><br>Wellness Manik\u00fcre:<\/h3>\n\n\n\n<p>Aroma Handbad mit Massage, Handpeeling, Handpackung<\/p>\n\n\n\n<p>N\u00e4gel lackieren<br>French N\u00e4gel lackieren<br>Nagel Design<\/p>\n","protected":false},"excerpt":{"rendered":"<p>Hand Manik\u00fcren: Special Manik\u00fcren:Aroma Handbad, Handpeeling, HandpackungenHand-Armmassage Classic Manik\u00fcre: Inkl. Handbad und Hand eincremen Wellness Manik\u00fcre: Aroma Handbad mit Massage, Handpeeling, Handpackung N\u00e4gel lackierenFrench N\u00e4gel lackierenNagel Design<\/p>\n","protected":false},"author":1,"featured_media":372,"parent":100,"menu_order":2,"comment_status":"closed","ping_status":"closed","template":"","meta":{"footnotes":""},"class_list":["post-144","page","type-page","status-publish","has-post-thumbnail","hentry"],"_links":{"self":[{"href":"https:\/\/www.cp-beautypoint.at\/new\/index.php?rest_route=\/wp\/v2\/pages\/144","targetHints":{"allow":["GET"]}}],"collection":[{"href":"https:\/\/www.cp-beautypoint.at\/new\/index.php?rest_route=\/wp\/v2\/pages"}],"about":[{"href":"https:\/\/www.cp-beautypoint.at\/new\/index.php?rest_route=\/wp\/v2\/types\/page"}],"author":[{"embeddable":true,"href":"https:\/\/www.cp-beautypoint.at\/new\/index.php?rest_route=\/wp\/v2\/users\/1"}],"replies":[{"embeddable":true,"href":"https:\/\/www.cp-beautypoint.at\/new\/index.php?rest_route=%2Fwp%2Fv2%2Fcomments&post=144"}],"version-history":[{"count":13,"href":"https:\/\/www.cp-beautypoint.at\/new\/index.php?rest_route=\/wp\/v2\/pages\/144\/revisions"}],"predecessor-version":[{"id":351,"href":"https:\/\/www.cp-beautypoint.at\/new\/index.php?rest_route=\/wp\/v2\/pages\/144\/revisions\/351"}],"up":[{"embeddable":true,"href":"https:\/\/www.cp-beautypoint.at\/new\/index.php?rest_route=\/wp\/v2\/pages\/100"}],"wp:featuredmedia":[{"embeddable":true,"href":"https:\/\/www.cp-beautypoint.at\/new\/index.php?rest_route=\/wp\/v2\/media\/372"}],"wp:attachment":[{"href":"https:\/\/www.cp-beautypoint.at\/new\/index.php?rest_route=%2Fwp%2Fv2%2Fmedia&parent=144"}],"curies":[{"name":"wp","href":"https:\/\/api.w.org\/{rel}","templated":true}]}}