{"id":148,"date":"2022-06-08T14:48:12","date_gmt":"2022-06-08T12:48:12","guid":{"rendered":"https:\/\/www.cp-beautypoint.at\/new\/?page_id=148"},"modified":"2022-07-09T17:35:51","modified_gmt":"2022-07-09T15:35:51","slug":"fusspflege","status":"publish","type":"page","link":"https:\/\/www.cp-beautypoint.at\/new\/?page_id=148","title":{"rendered":"Fu\u00dfpflege"},"content":{"rendered":"\n<h3 class=\"wp-block-heading\">Spezial Fu\u00dfpflege:<br>&nbsp;<\/h3>\n\n\n<div class=\"wp-block-image\">\n<figure class=\"alignright size-full is-resized\"><img loading=\"lazy\" decoding=\"async\" src=\"https:\/\/www.cp-beautypoint.at\/new\/wp-content\/uploads\/2022\/07\/95927143-A6C8-47AB-8187-D5962DBDE64B-removebg-preview.png\" alt=\"\" class=\"wp-image-638\" width=\"439\" height=\"439\" srcset=\"https:\/\/www.cp-beautypoint.at\/new\/wp-content\/uploads\/2022\/07\/95927143-A6C8-47AB-8187-D5962DBDE64B-removebg-preview.png 500w, https:\/\/www.cp-beautypoint.at\/new\/wp-content\/uploads\/2022\/07\/95927143-A6C8-47AB-8187-D5962DBDE64B-removebg-preview-300x300.png 300w, https:\/\/www.cp-beautypoint.at\/new\/wp-content\/uploads\/2022\/07\/95927143-A6C8-47AB-8187-D5962DBDE64B-removebg-preview-150x150.png 150w, https:\/\/www.cp-beautypoint.at\/new\/wp-content\/uploads\/2022\/07\/95927143-A6C8-47AB-8187-D5962DBDE64B-removebg-preview-60x60.png 60w\" sizes=\"auto, (max-width: 439px) 100vw, 439px\" \/><\/figure>\n<\/div>\n\n\n<ul class=\"wp-block-list\"><li>Spezielles Fu\u00dfbad,<\/li><li>Peeling,<\/li><li>entfernen der Hornhaut,<\/li><li>H\u00fchneraugen u. eingewachsene N\u00e4gel,<\/li><li>Fu\u00dfmassage<br>Ca. 60 Minuten<\/li><\/ul>\n\n\n\n<h3 class=\"wp-block-heading\">Classic Fu\u00dfpflege:<br>&nbsp;<\/h3>\n\n\n\n<ul class=\"wp-block-list\"><li>Kr\u00e4uterfu\u00dfbad,<\/li><li>N\u00e4gel schneiden,<\/li><li>feilen,<\/li><li>Hornhaut,<\/li><li>H\u00fchnerauge u. eingewachsene N\u00e4gel,<\/li><li>F\u00fc\u00dfe eincremen<\/li><\/ul>\n\n\n\n<div class=\"wp-block-file\"><a id=\"wp-block-file--media-7a855f63-d363-4ec9-bbc7-bba9c8ca5975\" href=\"https:\/\/www.cp-beautypoint.at\/new\/wp-content\/uploads\/2022\/06\/Behandlung-der-Fuesse-2022-FUSSPFLEGE.pdf\">Behandlung der F\u00fc\u00dfe 2022 FUSSPFLEGE<\/a><a href=\"https:\/\/www.cp-beautypoint.at\/new\/wp-content\/uploads\/2022\/06\/Behandlung-der-Fuesse-2022-FUSSPFLEGE.pdf\" class=\"wp-block-file__button\" download aria-describedby=\"wp-block-file--media-7a855f63-d363-4ec9-bbc7-bba9c8ca5975\">Herunterladen<\/a><\/div>\n","protected":false},"excerpt":{"rendered":"<p>Spezial Fu\u00dfpflege:&nbsp; Spezielles Fu\u00dfbad, Peeling, entfernen der Hornhaut, H\u00fchneraugen u. eingewachsene N\u00e4gel, Fu\u00dfmassageCa. 60 Minuten Classic Fu\u00dfpflege:&nbsp; Kr\u00e4uterfu\u00dfbad, N\u00e4gel schneiden, feilen, Hornhaut, H\u00fchnerauge u. eingewachsene N\u00e4gel, F\u00fc\u00dfe eincremen<\/p>\n","protected":false},"author":1,"featured_media":371,"parent":100,"menu_order":3,"comment_status":"closed","ping_status":"closed","template":"","meta":{"footnotes":""},"class_list":["post-148","page","type-page","status-publish","has-post-thumbnail","hentry"],"_links":{"self":[{"href":"https:\/\/www.cp-beautypoint.at\/new\/index.php?rest_route=\/wp\/v2\/pages\/148","targetHints":{"allow":["GET"]}}],"collection":[{"href":"https:\/\/www.cp-beautypoint.at\/new\/index.php?rest_route=\/wp\/v2\/pages"}],"about":[{"href":"https:\/\/www.cp-beautypoint.at\/new\/index.php?rest_route=\/wp\/v2\/types\/page"}],"author":[{"embeddable":true,"href":"https:\/\/www.cp-beautypoint.at\/new\/index.php?rest_route=\/wp\/v2\/users\/1"}],"replies":[{"embeddable":true,"href":"https:\/\/www.cp-beautypoint.at\/new\/index.php?rest_route=%2Fwp%2Fv2%2Fcomments&post=148"}],"version-history":[{"count":12,"href":"https:\/\/www.cp-beautypoint.at\/new\/index.php?rest_route=\/wp\/v2\/pages\/148\/revisions"}],"predecessor-version":[{"id":641,"href":"https:\/\/www.cp-beautypoint.at\/new\/index.php?rest_route=\/wp\/v2\/pages\/148\/revisions\/641"}],"up":[{"embeddable":true,"href":"https:\/\/www.cp-beautypoint.at\/new\/index.php?rest_route=\/wp\/v2\/pages\/100"}],"wp:featuredmedia":[{"embeddable":true,"href":"https:\/\/www.cp-beautypoint.at\/new\/index.php?rest_route=\/wp\/v2\/media\/371"}],"wp:attachment":[{"href":"https:\/\/www.cp-beautypoint.at\/new\/index.php?rest_route=%2Fwp%2Fv2%2Fmedia&parent=148"}],"curies":[{"name":"wp","href":"https:\/\/api.w.org\/{rel}","templated":true}]}}