{"id":191,"date":"2022-06-08T15:22:00","date_gmt":"2022-06-08T13:22:00","guid":{"rendered":"https:\/\/www.cp-beautypoint.at\/new\/?page_id=191"},"modified":"2022-07-09T17:21:33","modified_gmt":"2022-07-09T15:21:33","slug":"fussreflexzonenmassage-2","status":"publish","type":"page","link":"https:\/\/www.cp-beautypoint.at\/new\/?page_id=191","title":{"rendered":"Fu\u00dfreflexzonenmassage"},"content":{"rendered":"<div class=\"wp-block-image\">\n<figure class=\"alignright size-large is-resized\"><img loading=\"lazy\" decoding=\"async\" src=\"https:\/\/www.cp-beautypoint.at\/new\/wp-content\/uploads\/2022\/07\/il_1588xN.3691383391_k5jv-1024x931.jpg\" alt=\"\" class=\"wp-image-601\" width=\"325\" height=\"295\" srcset=\"https:\/\/www.cp-beautypoint.at\/new\/wp-content\/uploads\/2022\/07\/il_1588xN.3691383391_k5jv-1024x931.jpg 1024w, https:\/\/www.cp-beautypoint.at\/new\/wp-content\/uploads\/2022\/07\/il_1588xN.3691383391_k5jv-300x273.jpg 300w, https:\/\/www.cp-beautypoint.at\/new\/wp-content\/uploads\/2022\/07\/il_1588xN.3691383391_k5jv-768x698.jpg 768w, https:\/\/www.cp-beautypoint.at\/new\/wp-content\/uploads\/2022\/07\/il_1588xN.3691383391_k5jv-1536x1397.jpg 1536w, https:\/\/www.cp-beautypoint.at\/new\/wp-content\/uploads\/2022\/07\/il_1588xN.3691383391_k5jv-66x60.jpg 66w, https:\/\/www.cp-beautypoint.at\/new\/wp-content\/uploads\/2022\/07\/il_1588xN.3691383391_k5jv.jpg 1588w\" sizes=\"auto, (max-width: 325px) 100vw, 325px\" \/><\/figure>\n<\/div>\n\n\n<p>Die Fu\u00dfreflexzonenmassage beruht auf der Vorstellung, dass jedem Organ oder K\u00f6rperteil eine bestimmte Zone der Fu\u00dfsohle oder des Fu\u00dfrists entspricht. Wird diese Region nun durch Massage stimuliert, wirkt sich das positiv auf das entsprechende Organ aus.<\/p>\n","protected":false},"excerpt":{"rendered":"<p>Die Fu\u00dfreflexzonenmassage beruht auf der Vorstellung, dass jedem Organ oder K\u00f6rperteil eine bestimmte Zone der Fu\u00dfsohle oder des Fu\u00dfrists entspricht. Wird diese Region nun durch Massage stimuliert, wirkt sich das &hellip; <\/p>\n","protected":false},"author":1,"featured_media":383,"parent":108,"menu_order":4,"comment_status":"closed","ping_status":"closed","template":"","meta":{"footnotes":""},"class_list":["post-191","page","type-page","status-publish","has-post-thumbnail","hentry"],"_links":{"self":[{"href":"https:\/\/www.cp-beautypoint.at\/new\/index.php?rest_route=\/wp\/v2\/pages\/191","targetHints":{"allow":["GET"]}}],"collection":[{"href":"https:\/\/www.cp-beautypoint.at\/new\/index.php?rest_route=\/wp\/v2\/pages"}],"about":[{"href":"https:\/\/www.cp-beautypoint.at\/new\/index.php?rest_route=\/wp\/v2\/types\/page"}],"author":[{"embeddable":true,"href":"https:\/\/www.cp-beautypoint.at\/new\/index.php?rest_route=\/wp\/v2\/users\/1"}],"replies":[{"embeddable":true,"href":"https:\/\/www.cp-beautypoint.at\/new\/index.php?rest_route=%2Fwp%2Fv2%2Fcomments&post=191"}],"version-history":[{"count":6,"href":"https:\/\/www.cp-beautypoint.at\/new\/index.php?rest_route=\/wp\/v2\/pages\/191\/revisions"}],"predecessor-version":[{"id":631,"href":"https:\/\/www.cp-beautypoint.at\/new\/index.php?rest_route=\/wp\/v2\/pages\/191\/revisions\/631"}],"up":[{"embeddable":true,"href":"https:\/\/www.cp-beautypoint.at\/new\/index.php?rest_route=\/wp\/v2\/pages\/108"}],"wp:featuredmedia":[{"embeddable":true,"href":"https:\/\/www.cp-beautypoint.at\/new\/index.php?rest_route=\/wp\/v2\/media\/383"}],"wp:attachment":[{"href":"https:\/\/www.cp-beautypoint.at\/new\/index.php?rest_route=%2Fwp%2Fv2%2Fmedia&parent=191"}],"curies":[{"name":"wp","href":"https:\/\/api.w.org\/{rel}","templated":true}]}}