{"id":92,"date":"2022-06-08T13:30:03","date_gmt":"2022-06-08T11:30:03","guid":{"rendered":"https:\/\/www.cp-beautypoint.at\/new\/?page_id=92"},"modified":"2023-12-12T12:31:33","modified_gmt":"2023-12-12T11:31:33","slug":"neues","status":"publish","type":"page","link":"https:\/\/www.cp-beautypoint.at\/new\/?page_id=92","title":{"rendered":"Neues"},"content":{"rendered":"<div class=\"wp-block-image\">\n<figure class=\"aligncenter size-full\"><a href=\"https:\/\/www.neovita.eu\/index.php\/de\/\" target=\"_blank\" rel=\"noreferrer noopener\"><img loading=\"lazy\" decoding=\"async\" width=\"189\" height=\"113\" src=\"https:\/\/www.cp-beautypoint.at\/new\/wp-content\/uploads\/2023\/12\/NV-Logo2.jpg\" alt=\"\" class=\"wp-image-781\" srcset=\"https:\/\/www.cp-beautypoint.at\/new\/wp-content\/uploads\/2023\/12\/NV-Logo2.jpg 189w, https:\/\/www.cp-beautypoint.at\/new\/wp-content\/uploads\/2023\/12\/NV-Logo2-100x60.jpg 100w\" sizes=\"auto, (max-width: 189px) 100vw, 189px\" \/><\/a><\/figure>\n<\/div>\n\n\n<p><em><strong>Alle NEOVITA HerbaCeuticals<sup>TM<\/sup> basieren auf dem Salutogenen Beauty Concept<\/strong><\/em><\/p>\n\n\n\n<p>Es garantiert eine gesunde Haut: <\/p>\n\n\n\n<ul class=\"wp-block-list\">\n<li>durch die Freiheit von jeglichen Konservierungsmittel<\/li>\n\n\n\n<li>sterile Verpackung im Mousse-Spender<\/li>\n\n\n\n<li>Freiheit von F\u00fcllstoffen, Mineral\u00f6len, Silikon\u00f6len und Farbstoffen<\/li>\n\n\n\n<li>die Regeneration des natr\u00fclichen Hautschutzmantels<\/li>\n<\/ul>\n\n\n\n<p class=\"has-small-font-size\">Aktualisiert am 12.12.2023<\/p>\n\n\n\n<hr class=\"wp-block-separator has-alpha-channel-opacity\"\/>\n\n\n\n<p class=\"has-text-align-center\"><br><a href=\"https:\/\/www.biogena.com\/?afid=AD0618306\" data-type=\"URL\" data-id=\"https:\/\/www.biogena.com\/?afid=AD0618306\"><img loading=\"lazy\" decoding=\"async\" width=\"250\" height=\"100\" class=\"wp-image-603\" style=\"width: 250px;\" src=\"https:\/\/www.cp-beautypoint.at\/new\/wp-content\/uploads\/2022\/07\/index.png\" alt=\"\" srcset=\"https:\/\/www.cp-beautypoint.at\/new\/wp-content\/uploads\/2022\/07\/index.png 355w, https:\/\/www.cp-beautypoint.at\/new\/wp-content\/uploads\/2022\/07\/index-300x120.png 300w, https:\/\/www.cp-beautypoint.at\/new\/wp-content\/uploads\/2022\/07\/index-150x60.png 150w\" sizes=\"auto, (max-width: 250px) 100vw, 250px\" \/><\/a><\/p>\n\n\n\n<p>Ab sofort k\u00f6nnt Ihr die Biogena Produkte selbst beziehen, direkt \u00fcber diesen <a rel=\"noreferrer noopener\" href=\"https:\/\/www.biogena.com\/?afid=AD0618306\" target=\"_blank\">Link<\/a> geht es dann zur Biogena Seite.<\/p>\n\n\n\n<p class=\"has-small-font-size\">Aktualisiert am 31.05.2023<\/p>\n\n\n\n<hr class=\"wp-block-separator has-alpha-channel-opacity\"\/>\n\n\n\n<div class=\"wp-block-group\"><div class=\"wp-block-group__inner-container is-layout-flow wp-block-group-is-layout-flow\">\n<div class=\"wp-block-media-text alignwide is-stacked-on-mobile\" style=\"grid-template-columns:39% auto\"><figure class=\"wp-block-media-text__media\"><img loading=\"lazy\" decoding=\"async\" width=\"800\" height=\"800\" src=\"https:\/\/www.cp-beautypoint.at\/new\/wp-content\/uploads\/2022\/07\/165-212-4.jpg\" alt=\"\" class=\"wp-image-663 size-full\" srcset=\"https:\/\/www.cp-beautypoint.at\/new\/wp-content\/uploads\/2022\/07\/165-212-4.jpg 800w, https:\/\/www.cp-beautypoint.at\/new\/wp-content\/uploads\/2022\/07\/165-212-4-300x300.jpg 300w, https:\/\/www.cp-beautypoint.at\/new\/wp-content\/uploads\/2022\/07\/165-212-4-150x150.jpg 150w, https:\/\/www.cp-beautypoint.at\/new\/wp-content\/uploads\/2022\/07\/165-212-4-768x768.jpg 768w, https:\/\/www.cp-beautypoint.at\/new\/wp-content\/uploads\/2022\/07\/165-212-4-60x60.jpg 60w\" sizes=\"auto, (max-width: 800px) 100vw, 800px\" \/><\/figure><div class=\"wp-block-media-text__content\">\n<p><strong>Color Sonic<\/strong><\/p>\n\n\n\n<p>F\u00fcr eine intensive Gesichtsbehandlung f\u00fcr das Studio und zu Hause.<\/p>\n\n\n\n<p>3 Millionen Ultraschall Vibrationen pro Sekunde massieren Deine Haut.<\/p>\n\n\n\n<p>Sanfter Strom (Ionisation) f\u00f6rdert das tiefere Eindringen von hochwertigen Wirkstoffen (z.B. Color Energy Ampoules).<\/p>\n\n\n\n<p>Mit meinem Farblicht (Rot, Gr\u00fcn, Blau) aktivierst Du die Energie Deiner Hautzellen und beschleunigst die biochemische Zellzirkulation.<\/p>\n\n\n\n<p>Mit mir erzielst Du einen Soforteffekt und siehst immer frisch aus.<\/p>\n<\/div><\/div>\n\n\n\n<p class=\"has-small-font-size\">Aktualisiert am 25.07.2022<\/p>\n\n\n\n<hr class=\"wp-block-separator has-alpha-channel-opacity\"\/>\n\n\n\n<p class=\"has-text-align-center\">Ab&nbsp;<strong>SOFORT<\/strong>&nbsp;Kartenzahlung &amp; Online Gutscheine bei mir erh\u00e4ltlich!<\/p>\n\n\n\n<p class=\"has-text-align-center\">Online Gutscheine auch erh\u00e4ltlich,&nbsp;<a rel=\"noreferrer noopener\" href=\"https:\/\/bit.ly\/39aA6XQ\" target=\"_blank\">hier klicken<\/a>!<\/p>\n\n\n\n<p class=\"has-text-align-center has-small-font-size\">(Zur Info, beim Gutschein Kauf k\u00f6nnt ihr unter Kartennummer, wenn Ihr schon eine neue Debitkarte habt, diese verwenden. So braucht man nicht zwingend eine Kreditkarte ?.<br>Wichtig \u261d\ufe0f G\u00fcltig bis= steht vorne! Und der Sicherheitscode hinten neben dem Unterschriftenfeld.)<\/p>\n\n\n\n<p><\/p>\n<\/div><\/div>\n\n\n<div class=\"wp-block-image\">\n<figure class=\"aligncenter size-large is-resized\"><a href=\"https:\/\/bit.ly\/39aA6XQ\"><img loading=\"lazy\" decoding=\"async\" width=\"1024\" height=\"766\" src=\"https:\/\/www.cp-beautypoint.at\/new\/wp-content\/uploads\/2022\/06\/98048712-028A-4A06-BB33-3FB9E7498042-1024x766.jpeg\" alt=\"\" class=\"wp-image-116\" style=\"width:660px;height:493px\"\/><\/a><\/figure>\n<\/div>\n\n\n<p class=\"has-small-font-size\">Aktualisiert am 03.06.2022<\/p>\n","protected":false},"excerpt":{"rendered":"<p>Alle NEOVITA HerbaCeuticalsTM basieren auf dem Salutogenen Beauty Concept Es garantiert eine gesunde Haut: Aktualisiert am 12.12.2023 Ab sofort k\u00f6nnt Ihr die Biogena Produkte selbst beziehen, direkt \u00fcber diesen Link &hellip; <\/p>\n","protected":false},"author":1,"featured_media":60,"parent":0,"menu_order":0,"comment_status":"closed","ping_status":"closed","template":"","meta":{"footnotes":""},"class_list":["post-92","page","type-page","status-publish","has-post-thumbnail","hentry"],"_links":{"self":[{"href":"https:\/\/www.cp-beautypoint.at\/new\/index.php?rest_route=\/wp\/v2\/pages\/92","targetHints":{"allow":["GET"]}}],"collection":[{"href":"https:\/\/www.cp-beautypoint.at\/new\/index.php?rest_route=\/wp\/v2\/pages"}],"about":[{"href":"https:\/\/www.cp-beautypoint.at\/new\/index.php?rest_route=\/wp\/v2\/types\/page"}],"author":[{"embeddable":true,"href":"https:\/\/www.cp-beautypoint.at\/new\/index.php?rest_route=\/wp\/v2\/users\/1"}],"replies":[{"embeddable":true,"href":"https:\/\/www.cp-beautypoint.at\/new\/index.php?rest_route=%2Fwp%2Fv2%2Fcomments&post=92"}],"version-history":[{"count":30,"href":"https:\/\/www.cp-beautypoint.at\/new\/index.php?rest_route=\/wp\/v2\/pages\/92\/revisions"}],"predecessor-version":[{"id":785,"href":"https:\/\/www.cp-beautypoint.at\/new\/index.php?rest_route=\/wp\/v2\/pages\/92\/revisions\/785"}],"wp:featuredmedia":[{"embeddable":true,"href":"https:\/\/www.cp-beautypoint.at\/new\/index.php?rest_route=\/wp\/v2\/media\/60"}],"wp:attachment":[{"href":"https:\/\/www.cp-beautypoint.at\/new\/index.php?rest_route=%2Fwp%2Fv2%2Fmedia&parent=92"}],"curies":[{"name":"wp","href":"https:\/\/api.w.org\/{rel}","templated":true}]}}