{"id":96,"date":"2022-06-08T13:31:25","date_gmt":"2022-06-08T11:31:25","guid":{"rendered":"https:\/\/www.cp-beautypoint.at\/new\/?page_id=96"},"modified":"2025-09-27T13:41:20","modified_gmt":"2025-09-27T11:41:20","slug":"ueber-mich","status":"publish","type":"page","link":"https:\/\/www.cp-beautypoint.at\/new\/?page_id=96","title":{"rendered":"\u00dcber mich"},"content":{"rendered":"\n<figure class=\"wp-block-gallery alignright has-nested-images columns-default is-cropped wp-block-gallery-1 is-layout-flex wp-block-gallery-is-layout-flex\"><\/figure>\n\n\n\n\n\n<figure class=\"wp-block-image size-full is-resized is-style-rounded\"><img loading=\"lazy\" decoding=\"async\" width=\"1921\" height=\"2560\" src=\"https:\/\/www.cp-beautypoint.at\/new\/wp-content\/uploads\/2025\/08\/IMG_8780-edited-scaled.jpeg\" alt=\"\" class=\"wp-image-885\" style=\"aspect-ratio:0.75;object-fit:cover;width:303px;height:auto\" srcset=\"https:\/\/www.cp-beautypoint.at\/new\/wp-content\/uploads\/2025\/08\/IMG_8780-edited-scaled.jpeg 1921w, https:\/\/www.cp-beautypoint.at\/new\/wp-content\/uploads\/2025\/08\/IMG_8780-edited-225x300.jpeg 225w, https:\/\/www.cp-beautypoint.at\/new\/wp-content\/uploads\/2025\/08\/IMG_8780-edited-768x1024.jpeg 768w, https:\/\/www.cp-beautypoint.at\/new\/wp-content\/uploads\/2025\/08\/IMG_8780-edited-1152x1536.jpeg 1152w, https:\/\/www.cp-beautypoint.at\/new\/wp-content\/uploads\/2025\/08\/IMG_8780-edited-1536x2048.jpeg 1536w\" sizes=\"auto, (max-width: 1921px) 100vw, 1921px\" \/><\/figure>\n\n\n\n<p>Kurz zu meiner Person, ich bin am 23.08.1973 geboren und in B\u00fcrmoos aufgewachsen und habe 1988 meine<br>Lehrabschlu\u00dfpr\u00fcfung als Fu\u00dfpflegerin und Kosmetikerin abgeschlossen.<\/p>\n\n\n\n<p>Nach 20 Jahren Berufserfahrung, mit kurzer Pause, konnte ich mich entschlie\u00dfen, mich selbstst\u00e4ndig zu machen.<\/p>\n\n\n\n<p>Meine Bef\u00e4higungspr\u00fcfung habe ich erfolgreich abgeschlossen.<\/p>\n\n\n\n<p>Die energetische Ausbildung absolvierte ich 2013 im Kiwa-Institut.<\/p>\n\n\n\n<p>Was ich Ihnen in meinem Studio bieten kann ist vor allem eine fachgerechte Beratung, Entspannung nach einem harten Arbeitstag und Wohlbefinden f\u00fcr Ihre Sinne.<\/p>\n\n\n\n<p>Sollten Sie Fragen haben oder Informationen ben\u00f6tigen stehe ich Ihnen<br>von Montag bis Freitag gerne zur Verf\u00fcgung.<\/p>\n\n\n\n<hr class=\"wp-block-separator has-alpha-channel-opacity\"\/>\n\n\n\n<p><\/p>\n\n\n\n<p><\/p>\n\n\n\n<div id=\"metaslider-id-924\" style=\"max-width: 700px; margin: 0 auto;\" class=\"ml-slider-3-108-0 metaslider metaslider-flex metaslider-924 ml-slider has-dots-nav ms-theme-default\" role=\"region\" aria-label=\"New Slideshow\" data-height=\"400\" data-width=\"700\">\n    <div id=\"metaslider_container_924\">\n        <div id=\"metaslider_924\" class=\"flexslider\">\n            <ul class='slides'>\n                <li style=\"display: block; width: 100%;\" class=\"slide-936 ms-image \" aria-roledescription=\"slide\" data-date=\"2025-09-27 13:38:23\" data-filename=\"IMG_8759-scaled.jpeg\" data-slide-type=\"image\"><img loading=\"lazy\" decoding=\"async\" width=\"2560\" height=\"1440\" src=\"https:\/\/www.cp-beautypoint.at\/new\/wp-content\/uploads\/2025\/09\/IMG_8759-scaled.jpeg\" class=\"slider-924 slide-936 msDefaultImage\" alt=\"\" rel=\"\" title=\"IMG_8759\" srcset=\"https:\/\/www.cp-beautypoint.at\/new\/wp-content\/uploads\/2025\/09\/IMG_8759-scaled.jpeg 2560w, https:\/\/www.cp-beautypoint.at\/new\/wp-content\/uploads\/2025\/09\/IMG_8759-300x169.jpeg 300w, https:\/\/www.cp-beautypoint.at\/new\/wp-content\/uploads\/2025\/09\/IMG_8759-1024x576.jpeg 1024w, https:\/\/www.cp-beautypoint.at\/new\/wp-content\/uploads\/2025\/09\/IMG_8759-768x432.jpeg 768w, https:\/\/www.cp-beautypoint.at\/new\/wp-content\/uploads\/2025\/09\/IMG_8759-1536x864.jpeg 1536w, https:\/\/www.cp-beautypoint.at\/new\/wp-content\/uploads\/2025\/09\/IMG_8759-2048x1152.jpeg 2048w\" sizes=\"auto, (max-width: 2560px) 100vw, 2560px\" \/><\/li>\n                <li style=\"display: none; width: 100%;\" class=\"slide-937 ms-image \" aria-roledescription=\"slide\" data-date=\"2025-09-27 13:38:23\" data-filename=\"IMG_8761-scaled.jpeg\" data-slide-type=\"image\"><img loading=\"lazy\" decoding=\"async\" width=\"2560\" height=\"1440\" src=\"https:\/\/www.cp-beautypoint.at\/new\/wp-content\/uploads\/2025\/09\/IMG_8761-scaled.jpeg\" class=\"slider-924 slide-937 msDefaultImage\" alt=\"\" rel=\"\" title=\"IMG_8761\" srcset=\"https:\/\/www.cp-beautypoint.at\/new\/wp-content\/uploads\/2025\/09\/IMG_8761-scaled.jpeg 2560w, https:\/\/www.cp-beautypoint.at\/new\/wp-content\/uploads\/2025\/09\/IMG_8761-300x169.jpeg 300w, https:\/\/www.cp-beautypoint.at\/new\/wp-content\/uploads\/2025\/09\/IMG_8761-1024x576.jpeg 1024w, https:\/\/www.cp-beautypoint.at\/new\/wp-content\/uploads\/2025\/09\/IMG_8761-768x432.jpeg 768w, https:\/\/www.cp-beautypoint.at\/new\/wp-content\/uploads\/2025\/09\/IMG_8761-1536x864.jpeg 1536w, https:\/\/www.cp-beautypoint.at\/new\/wp-content\/uploads\/2025\/09\/IMG_8761-2048x1152.jpeg 2048w\" sizes=\"auto, (max-width: 2560px) 100vw, 2560px\" \/><\/li>\n                <li style=\"display: none; width: 100%;\" class=\"slide-938 ms-image \" aria-roledescription=\"slide\" data-date=\"2025-09-27 13:38:23\" data-filename=\"IMG_8760-scaled.jpeg\" data-slide-type=\"image\"><img loading=\"lazy\" decoding=\"async\" width=\"2560\" height=\"1440\" src=\"https:\/\/www.cp-beautypoint.at\/new\/wp-content\/uploads\/2025\/09\/IMG_8760-scaled.jpeg\" class=\"slider-924 slide-938 msDefaultImage\" alt=\"\" rel=\"\" title=\"IMG_8760\" srcset=\"https:\/\/www.cp-beautypoint.at\/new\/wp-content\/uploads\/2025\/09\/IMG_8760-scaled.jpeg 2560w, https:\/\/www.cp-beautypoint.at\/new\/wp-content\/uploads\/2025\/09\/IMG_8760-300x169.jpeg 300w, https:\/\/www.cp-beautypoint.at\/new\/wp-content\/uploads\/2025\/09\/IMG_8760-1024x576.jpeg 1024w, https:\/\/www.cp-beautypoint.at\/new\/wp-content\/uploads\/2025\/09\/IMG_8760-768x432.jpeg 768w, https:\/\/www.cp-beautypoint.at\/new\/wp-content\/uploads\/2025\/09\/IMG_8760-1536x864.jpeg 1536w, https:\/\/www.cp-beautypoint.at\/new\/wp-content\/uploads\/2025\/09\/IMG_8760-2048x1152.jpeg 2048w\" sizes=\"auto, (max-width: 2560px) 100vw, 2560px\" \/><\/li>\n                <li style=\"display: none; width: 100%;\" class=\"slide-939 ms-image \" aria-roledescription=\"slide\" data-date=\"2025-09-27 13:38:23\" data-filename=\"IMG_8758-scaled.jpeg\" data-slide-type=\"image\"><img loading=\"lazy\" decoding=\"async\" width=\"2560\" height=\"1440\" src=\"https:\/\/www.cp-beautypoint.at\/new\/wp-content\/uploads\/2025\/09\/IMG_8758-scaled.jpeg\" class=\"slider-924 slide-939 msDefaultImage\" alt=\"\" rel=\"\" title=\"IMG_8758\" srcset=\"https:\/\/www.cp-beautypoint.at\/new\/wp-content\/uploads\/2025\/09\/IMG_8758-scaled.jpeg 2560w, https:\/\/www.cp-beautypoint.at\/new\/wp-content\/uploads\/2025\/09\/IMG_8758-300x169.jpeg 300w, https:\/\/www.cp-beautypoint.at\/new\/wp-content\/uploads\/2025\/09\/IMG_8758-1024x576.jpeg 1024w, https:\/\/www.cp-beautypoint.at\/new\/wp-content\/uploads\/2025\/09\/IMG_8758-768x432.jpeg 768w, https:\/\/www.cp-beautypoint.at\/new\/wp-content\/uploads\/2025\/09\/IMG_8758-1536x864.jpeg 1536w, https:\/\/www.cp-beautypoint.at\/new\/wp-content\/uploads\/2025\/09\/IMG_8758-2048x1152.jpeg 2048w\" sizes=\"auto, (max-width: 2560px) 100vw, 2560px\" \/><\/li>\n                <li style=\"display: none; width: 100%;\" class=\"slide-940 ms-image \" aria-roledescription=\"slide\" data-date=\"2025-09-27 13:38:23\" data-filename=\"IMG_8757-scaled.jpeg\" data-slide-type=\"image\"><img loading=\"lazy\" decoding=\"async\" width=\"2560\" height=\"1440\" src=\"https:\/\/www.cp-beautypoint.at\/new\/wp-content\/uploads\/2025\/09\/IMG_8757-scaled.jpeg\" class=\"slider-924 slide-940 msDefaultImage\" alt=\"\" rel=\"\" title=\"IMG_8757\" srcset=\"https:\/\/www.cp-beautypoint.at\/new\/wp-content\/uploads\/2025\/09\/IMG_8757-scaled.jpeg 2560w, https:\/\/www.cp-beautypoint.at\/new\/wp-content\/uploads\/2025\/09\/IMG_8757-300x169.jpeg 300w, https:\/\/www.cp-beautypoint.at\/new\/wp-content\/uploads\/2025\/09\/IMG_8757-1024x576.jpeg 1024w, https:\/\/www.cp-beautypoint.at\/new\/wp-content\/uploads\/2025\/09\/IMG_8757-768x432.jpeg 768w, https:\/\/www.cp-beautypoint.at\/new\/wp-content\/uploads\/2025\/09\/IMG_8757-1536x864.jpeg 1536w, https:\/\/www.cp-beautypoint.at\/new\/wp-content\/uploads\/2025\/09\/IMG_8757-2048x1152.jpeg 2048w\" sizes=\"auto, (max-width: 2560px) 100vw, 2560px\" \/><\/li>\n                <li style=\"display: none; width: 100%;\" class=\"slide-941 ms-image \" aria-roledescription=\"slide\" data-date=\"2025-09-27 13:38:23\" data-filename=\"IMG_8756-scaled.jpeg\" data-slide-type=\"image\"><img loading=\"lazy\" decoding=\"async\" width=\"2560\" height=\"1440\" src=\"https:\/\/www.cp-beautypoint.at\/new\/wp-content\/uploads\/2025\/09\/IMG_8756-scaled.jpeg\" class=\"slider-924 slide-941 msDefaultImage\" alt=\"\" rel=\"\" title=\"IMG_8756\" srcset=\"https:\/\/www.cp-beautypoint.at\/new\/wp-content\/uploads\/2025\/09\/IMG_8756-scaled.jpeg 2560w, https:\/\/www.cp-beautypoint.at\/new\/wp-content\/uploads\/2025\/09\/IMG_8756-300x169.jpeg 300w, https:\/\/www.cp-beautypoint.at\/new\/wp-content\/uploads\/2025\/09\/IMG_8756-1024x576.jpeg 1024w, https:\/\/www.cp-beautypoint.at\/new\/wp-content\/uploads\/2025\/09\/IMG_8756-768x432.jpeg 768w, https:\/\/www.cp-beautypoint.at\/new\/wp-content\/uploads\/2025\/09\/IMG_8756-1536x864.jpeg 1536w, https:\/\/www.cp-beautypoint.at\/new\/wp-content\/uploads\/2025\/09\/IMG_8756-2048x1152.jpeg 2048w\" sizes=\"auto, (max-width: 2560px) 100vw, 2560px\" \/><\/li>\n                <li style=\"display: none; width: 100%;\" class=\"slide-942 ms-image \" aria-roledescription=\"slide\" data-date=\"2025-09-27 13:38:23\" data-filename=\"IMG_8755-scaled.jpeg\" data-slide-type=\"image\"><img loading=\"lazy\" decoding=\"async\" width=\"2560\" height=\"1440\" src=\"https:\/\/www.cp-beautypoint.at\/new\/wp-content\/uploads\/2025\/09\/IMG_8755-scaled.jpeg\" class=\"slider-924 slide-942 msDefaultImage\" alt=\"\" rel=\"\" title=\"IMG_8755\" srcset=\"https:\/\/www.cp-beautypoint.at\/new\/wp-content\/uploads\/2025\/09\/IMG_8755-scaled.jpeg 2560w, https:\/\/www.cp-beautypoint.at\/new\/wp-content\/uploads\/2025\/09\/IMG_8755-300x169.jpeg 300w, https:\/\/www.cp-beautypoint.at\/new\/wp-content\/uploads\/2025\/09\/IMG_8755-1024x576.jpeg 1024w, https:\/\/www.cp-beautypoint.at\/new\/wp-content\/uploads\/2025\/09\/IMG_8755-768x432.jpeg 768w, https:\/\/www.cp-beautypoint.at\/new\/wp-content\/uploads\/2025\/09\/IMG_8755-1536x864.jpeg 1536w, https:\/\/www.cp-beautypoint.at\/new\/wp-content\/uploads\/2025\/09\/IMG_8755-2048x1152.jpeg 2048w\" sizes=\"auto, (max-width: 2560px) 100vw, 2560px\" \/><\/li>\n                <li style=\"display: none; width: 100%;\" class=\"slide-943 ms-image \" aria-roledescription=\"slide\" data-date=\"2025-09-27 13:38:23\" data-filename=\"IMG_8754-scaled.jpeg\" data-slide-type=\"image\"><img loading=\"lazy\" decoding=\"async\" width=\"2560\" height=\"1440\" src=\"https:\/\/www.cp-beautypoint.at\/new\/wp-content\/uploads\/2025\/09\/IMG_8754-scaled.jpeg\" class=\"slider-924 slide-943 msDefaultImage\" alt=\"\" rel=\"\" title=\"IMG_8754\" srcset=\"https:\/\/www.cp-beautypoint.at\/new\/wp-content\/uploads\/2025\/09\/IMG_8754-scaled.jpeg 2560w, https:\/\/www.cp-beautypoint.at\/new\/wp-content\/uploads\/2025\/09\/IMG_8754-300x169.jpeg 300w, https:\/\/www.cp-beautypoint.at\/new\/wp-content\/uploads\/2025\/09\/IMG_8754-1024x576.jpeg 1024w, https:\/\/www.cp-beautypoint.at\/new\/wp-content\/uploads\/2025\/09\/IMG_8754-768x432.jpeg 768w, https:\/\/www.cp-beautypoint.at\/new\/wp-content\/uploads\/2025\/09\/IMG_8754-1536x864.jpeg 1536w, https:\/\/www.cp-beautypoint.at\/new\/wp-content\/uploads\/2025\/09\/IMG_8754-2048x1152.jpeg 2048w\" sizes=\"auto, (max-width: 2560px) 100vw, 2560px\" \/><\/li>\n                <li style=\"display: none; width: 100%;\" class=\"slide-944 ms-image \" aria-roledescription=\"slide\" data-date=\"2025-09-27 13:38:23\" data-filename=\"IMG_8752-scaled.jpeg\" data-slide-type=\"image\"><img loading=\"lazy\" decoding=\"async\" width=\"2560\" height=\"1440\" src=\"https:\/\/www.cp-beautypoint.at\/new\/wp-content\/uploads\/2025\/09\/IMG_8752-scaled.jpeg\" class=\"slider-924 slide-944 msDefaultImage\" alt=\"\" rel=\"\" title=\"IMG_8752\" srcset=\"https:\/\/www.cp-beautypoint.at\/new\/wp-content\/uploads\/2025\/09\/IMG_8752-scaled.jpeg 2560w, https:\/\/www.cp-beautypoint.at\/new\/wp-content\/uploads\/2025\/09\/IMG_8752-300x169.jpeg 300w, https:\/\/www.cp-beautypoint.at\/new\/wp-content\/uploads\/2025\/09\/IMG_8752-1024x576.jpeg 1024w, https:\/\/www.cp-beautypoint.at\/new\/wp-content\/uploads\/2025\/09\/IMG_8752-768x432.jpeg 768w, https:\/\/www.cp-beautypoint.at\/new\/wp-content\/uploads\/2025\/09\/IMG_8752-1536x864.jpeg 1536w, https:\/\/www.cp-beautypoint.at\/new\/wp-content\/uploads\/2025\/09\/IMG_8752-2048x1152.jpeg 2048w\" sizes=\"auto, (max-width: 2560px) 100vw, 2560px\" \/><\/li>\n                <li style=\"display: none; width: 100%;\" class=\"slide-945 ms-image \" aria-roledescription=\"slide\" data-date=\"2025-09-27 13:38:23\" data-filename=\"IMG_8750-scaled.jpeg\" data-slide-type=\"image\"><img loading=\"lazy\" decoding=\"async\" width=\"2560\" height=\"1440\" src=\"https:\/\/www.cp-beautypoint.at\/new\/wp-content\/uploads\/2025\/09\/IMG_8750-scaled.jpeg\" class=\"slider-924 slide-945 msDefaultImage\" alt=\"\" rel=\"\" title=\"IMG_8750\" srcset=\"https:\/\/www.cp-beautypoint.at\/new\/wp-content\/uploads\/2025\/09\/IMG_8750-scaled.jpeg 2560w, https:\/\/www.cp-beautypoint.at\/new\/wp-content\/uploads\/2025\/09\/IMG_8750-300x169.jpeg 300w, https:\/\/www.cp-beautypoint.at\/new\/wp-content\/uploads\/2025\/09\/IMG_8750-1024x576.jpeg 1024w, https:\/\/www.cp-beautypoint.at\/new\/wp-content\/uploads\/2025\/09\/IMG_8750-768x432.jpeg 768w, https:\/\/www.cp-beautypoint.at\/new\/wp-content\/uploads\/2025\/09\/IMG_8750-1536x864.jpeg 1536w, https:\/\/www.cp-beautypoint.at\/new\/wp-content\/uploads\/2025\/09\/IMG_8750-2048x1152.jpeg 2048w\" sizes=\"auto, (max-width: 2560px) 100vw, 2560px\" \/><\/li>\n                <li style=\"display: none; width: 100%;\" class=\"slide-946 ms-image \" aria-roledescription=\"slide\" data-date=\"2025-09-27 13:39:15\" data-filename=\"IMG_8753-scaled.jpeg\" data-slide-type=\"image\"><img loading=\"lazy\" decoding=\"async\" width=\"2560\" height=\"1440\" src=\"https:\/\/www.cp-beautypoint.at\/new\/wp-content\/uploads\/2025\/09\/IMG_8753-scaled.jpeg\" class=\"slider-924 slide-946 msDefaultImage\" alt=\"\" rel=\"\" title=\"IMG_8753\" srcset=\"https:\/\/www.cp-beautypoint.at\/new\/wp-content\/uploads\/2025\/09\/IMG_8753-scaled.jpeg 2560w, https:\/\/www.cp-beautypoint.at\/new\/wp-content\/uploads\/2025\/09\/IMG_8753-300x169.jpeg 300w, https:\/\/www.cp-beautypoint.at\/new\/wp-content\/uploads\/2025\/09\/IMG_8753-1024x576.jpeg 1024w, https:\/\/www.cp-beautypoint.at\/new\/wp-content\/uploads\/2025\/09\/IMG_8753-768x432.jpeg 768w, https:\/\/www.cp-beautypoint.at\/new\/wp-content\/uploads\/2025\/09\/IMG_8753-1536x864.jpeg 1536w, https:\/\/www.cp-beautypoint.at\/new\/wp-content\/uploads\/2025\/09\/IMG_8753-2048x1152.jpeg 2048w\" sizes=\"auto, (max-width: 2560px) 100vw, 2560px\" \/><\/li>\n            <\/ul>\n        <\/div>\n        \n    <\/div>\n<\/div>\n","protected":false},"excerpt":{"rendered":"<p>Kurz zu meiner Person, ich bin am 23.08.1973 geboren und in B\u00fcrmoos aufgewachsen und habe 1988 meineLehrabschlu\u00dfpr\u00fcfung als Fu\u00dfpflegerin und Kosmetikerin abgeschlossen. Nach 20 Jahren Berufserfahrung, mit kurzer Pause, konnte &hellip; <\/p>\n","protected":false},"author":1,"featured_media":370,"parent":0,"menu_order":0,"comment_status":"closed","ping_status":"closed","template":"","meta":{"footnotes":""},"class_list":["post-96","page","type-page","status-publish","has-post-thumbnail","hentry"],"_links":{"self":[{"href":"https:\/\/www.cp-beautypoint.at\/new\/index.php?rest_route=\/wp\/v2\/pages\/96","targetHints":{"allow":["GET"]}}],"collection":[{"href":"https:\/\/www.cp-beautypoint.at\/new\/index.php?rest_route=\/wp\/v2\/pages"}],"about":[{"href":"https:\/\/www.cp-beautypoint.at\/new\/index.php?rest_route=\/wp\/v2\/types\/page"}],"author":[{"embeddable":true,"href":"https:\/\/www.cp-beautypoint.at\/new\/index.php?rest_route=\/wp\/v2\/users\/1"}],"replies":[{"embeddable":true,"href":"https:\/\/www.cp-beautypoint.at\/new\/index.php?rest_route=%2Fwp%2Fv2%2Fcomments&post=96"}],"version-history":[{"count":31,"href":"https:\/\/www.cp-beautypoint.at\/new\/index.php?rest_route=\/wp\/v2\/pages\/96\/revisions"}],"predecessor-version":[{"id":947,"href":"https:\/\/www.cp-beautypoint.at\/new\/index.php?rest_route=\/wp\/v2\/pages\/96\/revisions\/947"}],"wp:featuredmedia":[{"embeddable":true,"href":"https:\/\/www.cp-beautypoint.at\/new\/index.php?rest_route=\/wp\/v2\/media\/370"}],"wp:attachment":[{"href":"https:\/\/www.cp-beautypoint.at\/new\/index.php?rest_route=%2Fwp%2Fv2%2Fmedia&parent=96"}],"curies":[{"name":"wp","href":"https:\/\/api.w.org\/{rel}","templated":true}]}}